{"id":187,"date":"2025-04-10T11:33:34","date_gmt":"2025-04-10T09:33:34","guid":{"rendered":"http:\/\/edhcompetition.fr\/?page_id=187"},"modified":"2025-04-25T09:33:41","modified_gmt":"2025-04-25T07:33:41","slug":"lhistoire-de-lassociation","status":"publish","type":"page","link":"https:\/\/edhcompetition.fr\/index.php\/lhistoire-de-lassociation\/","title":{"rendered":"L&rsquo;histoire de l&rsquo;association"},"content":{"rendered":"\t\t<div data-elementor-type=\"wp-page\" data-elementor-id=\"187\" class=\"elementor elementor-187\">\n\t\t\t\t<div class=\"elementor-element elementor-element-13a7b70 e-flex e-con-boxed e-con e-parent\" data-id=\"13a7b70\" data-element_type=\"container\" data-settings=\"{&quot;background_background&quot;:&quot;classic&quot;}\">\n\t\t\t\t\t<div class=\"e-con-inner\">\n\t\t\t\t<div class=\"elementor-element elementor-element-757a0df elementor-widget-tablet__width-initial elementor-widget elementor-widget-heading\" data-id=\"757a0df\" data-element_type=\"widget\" data-widget_type=\"heading.default\">\n\t\t\t\t<div class=\"elementor-widget-container\">\n\t\t\t\t\t<h2 class=\"elementor-heading-title elementor-size-default\">L'histoire<br>de l'association<\/h2>\t\t\t\t<\/div>\n\t\t\t\t<\/div>\n\t\t\t\t\t<\/div>\n\t\t\t\t<\/div>\n\t\t<div class=\"elementor-element elementor-element-fafffda e-flex e-con-boxed e-con e-parent\" data-id=\"fafffda\" data-element_type=\"container\">\n\t\t\t\t\t<div class=\"e-con-inner\">\n\t\t\t\t<div class=\"elementor-element elementor-element-5ba92b4 elementor-widget elementor-widget-spacer\" data-id=\"5ba92b4\" data-element_type=\"widget\" data-widget_type=\"spacer.default\">\n\t\t\t\t<div class=\"elementor-widget-container\">\n\t\t\t\t\t\t\t<div class=\"elementor-spacer\">\n\t\t\t<div class=\"elementor-spacer-inner\"><\/div>\n\t\t<\/div>\n\t\t\t\t\t\t<\/div>\n\t\t\t\t<\/div>\n\t\t\t\t\t<\/div>\n\t\t\t\t<\/div>\n\t\t<div class=\"elementor-element elementor-element-d9d6ee8 e-flex e-con-boxed e-con e-parent\" data-id=\"d9d6ee8\" data-element_type=\"container\">\n\t\t\t\t\t<div class=\"e-con-inner\">\n\t\t\t\t<div class=\"elementor-element elementor-element-7f1fb56 elementor-widget-divider--view-line elementor-widget elementor-widget-divider\" data-id=\"7f1fb56\" data-element_type=\"widget\" data-widget_type=\"divider.default\">\n\t\t\t\t<div class=\"elementor-widget-container\">\n\t\t\t\t\t\t\t<div class=\"elementor-divider\">\n\t\t\t<span class=\"elementor-divider-separator\">\n\t\t\t\t\t\t<\/span>\n\t\t<\/div>\n\t\t\t\t\t\t<\/div>\n\t\t\t\t<\/div>\n\t\t\t\t\t<\/div>\n\t\t\t\t<\/div>\n\t\t<div class=\"elementor-element elementor-element-3a4f3ff e-flex e-con-boxed e-con e-parent\" data-id=\"3a4f3ff\" data-element_type=\"container\">\n\t\t\t\t\t<div class=\"e-con-inner\">\n\t\t<div class=\"elementor-element elementor-element-74467ee e-con-full e-flex e-con e-child\" data-id=\"74467ee\" data-element_type=\"container\">\n\t\t\t\t<div class=\"elementor-element elementor-element-5d06da1 elementor-widget elementor-widget-heading\" data-id=\"5d06da1\" data-element_type=\"widget\" data-widget_type=\"heading.default\">\n\t\t\t\t<div class=\"elementor-widget-container\">\n\t\t\t\t\t<h2 class=\"elementor-heading-title elementor-size-default\">Bienvenue chez EDH Comp\u00e9tition<\/h2>\t\t\t\t<\/div>\n\t\t\t\t<\/div>\n\t\t\t\t<\/div>\n\t\t\t\t\t<\/div>\n\t\t\t\t<\/div>\n\t\t<div class=\"elementor-element elementor-element-2238617 e-flex e-con-boxed e-con e-parent\" data-id=\"2238617\" data-element_type=\"container\">\n\t\t\t\t\t<div class=\"e-con-inner\">\n\t\t\t\t<div class=\"elementor-element elementor-element-0d1098c elementor-widget-divider--view-line elementor-widget elementor-widget-divider\" data-id=\"0d1098c\" data-element_type=\"widget\" data-widget_type=\"divider.default\">\n\t\t\t\t<div class=\"elementor-widget-container\">\n\t\t\t\t\t\t\t<div class=\"elementor-divider\">\n\t\t\t<span class=\"elementor-divider-separator\">\n\t\t\t\t\t\t<\/span>\n\t\t<\/div>\n\t\t\t\t\t\t<\/div>\n\t\t\t\t<\/div>\n\t\t\t\t<div class=\"elementor-element elementor-element-a58e294 elementor-widget elementor-widget-spacer\" data-id=\"a58e294\" data-element_type=\"widget\" data-widget_type=\"spacer.default\">\n\t\t\t\t<div class=\"elementor-widget-container\">\n\t\t\t\t\t\t\t<div class=\"elementor-spacer\">\n\t\t\t<div class=\"elementor-spacer-inner\"><\/div>\n\t\t<\/div>\n\t\t\t\t\t\t<\/div>\n\t\t\t\t<\/div>\n\t\t\t\t\t<\/div>\n\t\t\t\t<\/div>\n\t\t<div class=\"elementor-element elementor-element-468b911 e-flex e-con-boxed e-con e-parent\" data-id=\"468b911\" data-element_type=\"container\" data-settings=\"{&quot;background_background&quot;:&quot;classic&quot;}\">\n\t\t\t\t\t<div class=\"e-con-inner\">\n\t\t<div class=\"elementor-element elementor-element-258d8f5 e-con-full e-flex e-con e-child\" data-id=\"258d8f5\" data-element_type=\"container\">\n\t\t\t\t<div class=\"elementor-element elementor-element-d767514 elementor-widget elementor-widget-text-editor\" data-id=\"d767514\" data-element_type=\"widget\" data-widget_type=\"text-editor.default\">\n\t\t\t\t<div class=\"elementor-widget-container\">\n\t\t\t\t\t\t\t\t\t<p>Au c\u0153ur de Wittisheim, nich\u00e9e dans le cadre chaleureux de l\u2019\u00c9curie du Hohrust, notre association sportive est n\u00e9e en 2022 de la passion commune d\u2019une \u00e9quipe de cavaliers. Plus qu\u2019un simple club, nous formons une v\u00e9ritable famille r\u00e9unie autour de valeurs fortes : comp\u00e9tition, loisir, d\u00e9couverte et bien-\u00eatre animal.<\/p>\t\t\t\t\t\t\t\t<\/div>\n\t\t\t\t<\/div>\n\t\t\t\t<div class=\"elementor-element elementor-element-1c7bb2b elementor-widget elementor-widget-text-editor\" data-id=\"1c7bb2b\" data-element_type=\"widget\" data-widget_type=\"text-editor.default\">\n\t\t\t\t<div class=\"elementor-widget-container\">\n\t\t\t\t\t\t\t\t\t<p>Tout au long de l\u2019ann\u00e9e, notre \u00e9quipe dynamique de b\u00e9n\u00e9voles vous convient \u00e0 des \u00e9v\u00e9nements incontournables :<br \/>\u2022 Concours de saut d\u2019obstacles : v\u00e9ritables temps forts de notre calendrier ;\u00a0<br \/>\u2022 Activit\u00e9s conviviales : Oschterputz, repas de famille, journ\u00e9es portes ouvertes ;\u00a0<br \/>\u2022 \u00c9v\u00e9nements festifs : Halloween, No\u00ebl\u2026<\/p><p>Que vous soyez cavalier, passionn\u00e9, parent ou simple curieux, notre association vous ouvre ses portes pour partager ensemble des instants uniques autour de nos poneys et chevaux.\u00a0Rejoignez-nous et vivez l\u2019aventure\u00a0EDH Comp\u00e9tition\u00a0\u00e0 nos c\u00f4t\u00e9s !<\/p>\t\t\t\t\t\t\t\t<\/div>\n\t\t\t\t<\/div>\n\t\t\t\t<div class=\"elementor-element elementor-element-dd331c3 elementor-align-center elementor-widget elementor-widget-button\" data-id=\"dd331c3\" data-element_type=\"widget\" data-widget_type=\"button.default\">\n\t\t\t\t<div class=\"elementor-widget-container\">\n\t\t\t\t\t\t\t\t\t<div class=\"elementor-button-wrapper\">\n\t\t\t\t\t<a class=\"elementor-button elementor-button-link elementor-size-sm elementor-animation-grow\" href=\"http:\/\/localhost:8888\/edhcompetition\/index.php\/nos-activites\/\">\n\t\t\t\t\t\t<span class=\"elementor-button-content-wrapper\">\n\t\t\t\t\t\t\t\t\t<span class=\"elementor-button-text\">Nos activit\u00e9s<\/span>\n\t\t\t\t\t<\/span>\n\t\t\t\t\t<\/a>\n\t\t\t\t<\/div>\n\t\t\t\t\t\t\t\t<\/div>\n\t\t\t\t<\/div>\n\t\t\t\t<\/div>\n\t\t\t\t\t<\/div>\n\t\t\t\t<\/div>\n\t\t<div class=\"elementor-element elementor-element-66e6f06 e-flex e-con-boxed e-con e-parent\" data-id=\"66e6f06\" data-element_type=\"container\">\n\t\t\t\t\t<div class=\"e-con-inner\">\n\t\t\t\t<div class=\"elementor-element elementor-element-e92ce6b elementor-widget-divider--view-line elementor-widget elementor-widget-divider\" data-id=\"e92ce6b\" data-element_type=\"widget\" data-widget_type=\"divider.default\">\n\t\t\t\t<div class=\"elementor-widget-container\">\n\t\t\t\t\t\t\t<div class=\"elementor-divider\">\n\t\t\t<span class=\"elementor-divider-separator\">\n\t\t\t\t\t\t<\/span>\n\t\t<\/div>\n\t\t\t\t\t\t<\/div>\n\t\t\t\t<\/div>\n\t\t\t\t\t<\/div>\n\t\t\t\t<\/div>\n\t\t<div class=\"elementor-element elementor-element-635a82f e-flex e-con-boxed elementor-invisible e-con e-parent\" data-id=\"635a82f\" data-element_type=\"container\" data-settings=\"{&quot;animation&quot;:&quot;fadeInUp&quot;}\">\n\t\t\t\t\t<div class=\"e-con-inner\">\n\t\t<div class=\"elementor-element elementor-element-0f3c356 e-con-full e-flex e-con e-child\" data-id=\"0f3c356\" data-element_type=\"container\">\n\t\t\t\t<div class=\"elementor-element elementor-element-164170e elementor-widget elementor-widget-image\" data-id=\"164170e\" data-element_type=\"widget\" data-widget_type=\"image.default\">\n\t\t\t\t<div class=\"elementor-widget-container\">\n\t\t\t\t\t\t\t\t\t\t\t\t\t\t\t<img fetchpriority=\"high\" decoding=\"async\" width=\"1024\" height=\"682\" src=\"https:\/\/edhcompetition.fr\/wp-content\/uploads\/2025\/04\/photo-filles-dos-1024x682.jpeg\" class=\"elementor-animation-grow attachment-large size-large wp-image-141\" alt=\"\" srcset=\"https:\/\/edhcompetition.fr\/wp-content\/uploads\/2025\/04\/photo-filles-dos-1024x682.jpeg 1024w, https:\/\/edhcompetition.fr\/wp-content\/uploads\/2025\/04\/photo-filles-dos-300x200.jpeg 300w, https:\/\/edhcompetition.fr\/wp-content\/uploads\/2025\/04\/photo-filles-dos-768x512.jpeg 768w, https:\/\/edhcompetition.fr\/wp-content\/uploads\/2025\/04\/photo-filles-dos-1536x1023.jpeg 1536w, https:\/\/edhcompetition.fr\/wp-content\/uploads\/2025\/04\/photo-filles-dos.jpeg 1600w\" sizes=\"(max-width: 1024px) 100vw, 1024px\" \/>\t\t\t\t\t\t\t\t\t\t\t\t\t\t\t<\/div>\n\t\t\t\t<\/div>\n\t\t\t\t<\/div>\n\t\t<div class=\"elementor-element elementor-element-4fe4be4 e-con-full e-flex e-con e-child\" data-id=\"4fe4be4\" data-element_type=\"container\">\n\t\t\t\t<div class=\"elementor-element elementor-element-5d5573e elementor-widget elementor-widget-image\" data-id=\"5d5573e\" data-element_type=\"widget\" data-widget_type=\"image.default\">\n\t\t\t\t<div class=\"elementor-widget-container\">\n\t\t\t\t\t\t\t\t\t\t\t\t\t\t\t<img decoding=\"async\" width=\"1024\" height=\"682\" src=\"https:\/\/edhcompetition.fr\/wp-content\/uploads\/2025\/04\/photo-selfie-plante-1024x682.jpeg\" class=\"elementor-animation-grow attachment-large size-large wp-image-142\" alt=\"\" srcset=\"https:\/\/edhcompetition.fr\/wp-content\/uploads\/2025\/04\/photo-selfie-plante-1024x682.jpeg 1024w, https:\/\/edhcompetition.fr\/wp-content\/uploads\/2025\/04\/photo-selfie-plante-300x200.jpeg 300w, https:\/\/edhcompetition.fr\/wp-content\/uploads\/2025\/04\/photo-selfie-plante-768x512.jpeg 768w, https:\/\/edhcompetition.fr\/wp-content\/uploads\/2025\/04\/photo-selfie-plante-1536x1023.jpeg 1536w, https:\/\/edhcompetition.fr\/wp-content\/uploads\/2025\/04\/photo-selfie-plante.jpeg 1600w\" sizes=\"(max-width: 1024px) 100vw, 1024px\" \/>\t\t\t\t\t\t\t\t\t\t\t\t\t\t\t<\/div>\n\t\t\t\t<\/div>\n\t\t\t\t<\/div>\n\t\t<div class=\"elementor-element elementor-element-a3c1dbc e-con-full e-flex e-con e-child\" data-id=\"a3c1dbc\" data-element_type=\"container\">\n\t\t\t\t<div class=\"elementor-element elementor-element-b223ccb elementor-widget elementor-widget-image\" data-id=\"b223ccb\" data-element_type=\"widget\" data-widget_type=\"image.default\">\n\t\t\t\t<div class=\"elementor-widget-container\">\n\t\t\t\t\t\t\t\t\t\t\t\t\t\t\t<img decoding=\"async\" width=\"1024\" height=\"682\" src=\"https:\/\/edhcompetition.fr\/wp-content\/uploads\/2025\/04\/photo-dos-marche-parcours-1024x682.jpeg\" class=\"elementor-animation-grow attachment-large size-large wp-image-143\" alt=\"\" srcset=\"https:\/\/edhcompetition.fr\/wp-content\/uploads\/2025\/04\/photo-dos-marche-parcours-1024x682.jpeg 1024w, https:\/\/edhcompetition.fr\/wp-content\/uploads\/2025\/04\/photo-dos-marche-parcours-300x200.jpeg 300w, https:\/\/edhcompetition.fr\/wp-content\/uploads\/2025\/04\/photo-dos-marche-parcours-768x512.jpeg 768w, https:\/\/edhcompetition.fr\/wp-content\/uploads\/2025\/04\/photo-dos-marche-parcours-1536x1023.jpeg 1536w, https:\/\/edhcompetition.fr\/wp-content\/uploads\/2025\/04\/photo-dos-marche-parcours.jpeg 1600w\" sizes=\"(max-width: 1024px) 100vw, 1024px\" \/>\t\t\t\t\t\t\t\t\t\t\t\t\t\t\t<\/div>\n\t\t\t\t<\/div>\n\t\t\t\t<\/div>\n\t\t\t\t\t<\/div>\n\t\t\t\t<\/div>\n\t\t<div class=\"elementor-element elementor-element-5b4d096 e-flex e-con-boxed e-con e-parent\" data-id=\"5b4d096\" data-element_type=\"container\">\n\t\t\t\t\t<div class=\"e-con-inner\">\n\t\t\t\t<div class=\"elementor-element elementor-element-4b42e39 elementor-widget elementor-widget-image\" data-id=\"4b42e39\" data-element_type=\"widget\" data-widget_type=\"image.default\">\n\t\t\t\t<div class=\"elementor-widget-container\">\n\t\t\t\t\t\t\t\t\t\t\t\t\t\t\t<img loading=\"lazy\" decoding=\"async\" width=\"1024\" height=\"682\" src=\"https:\/\/edhcompetition.fr\/wp-content\/uploads\/2025\/04\/photo-groupe-obstacle-1024x682.jpeg\" class=\"elementor-animation-grow attachment-large size-large wp-image-144\" alt=\"\" srcset=\"https:\/\/edhcompetition.fr\/wp-content\/uploads\/2025\/04\/photo-groupe-obstacle-1024x682.jpeg 1024w, https:\/\/edhcompetition.fr\/wp-content\/uploads\/2025\/04\/photo-groupe-obstacle-300x200.jpeg 300w, https:\/\/edhcompetition.fr\/wp-content\/uploads\/2025\/04\/photo-groupe-obstacle-768x512.jpeg 768w, https:\/\/edhcompetition.fr\/wp-content\/uploads\/2025\/04\/photo-groupe-obstacle-1536x1023.jpeg 1536w, https:\/\/edhcompetition.fr\/wp-content\/uploads\/2025\/04\/photo-groupe-obstacle.jpeg 1600w\" sizes=\"(max-width: 1024px) 100vw, 1024px\" \/>\t\t\t\t\t\t\t\t\t\t\t\t\t\t\t<\/div>\n\t\t\t\t<\/div>\n\t\t\t\t\t<\/div>\n\t\t\t\t<\/div>\n\t\t<div class=\"elementor-element elementor-element-38f3382 e-flex e-con-boxed e-con e-parent\" data-id=\"38f3382\" data-element_type=\"container\">\n\t\t\t\t\t<div class=\"e-con-inner\">\n\t\t\t\t<div class=\"elementor-element elementor-element-89fe2f6 elementor-widget elementor-widget-spacer\" data-id=\"89fe2f6\" data-element_type=\"widget\" data-widget_type=\"spacer.default\">\n\t\t\t\t<div class=\"elementor-widget-container\">\n\t\t\t\t\t\t\t<div class=\"elementor-spacer\">\n\t\t\t<div class=\"elementor-spacer-inner\"><\/div>\n\t\t<\/div>\n\t\t\t\t\t\t<\/div>\n\t\t\t\t<\/div>\n\t\t\t\t\t<\/div>\n\t\t\t\t<\/div>\n\t\t\t\t<\/div>\n\t\t","protected":false},"excerpt":{"rendered":"<p>L&rsquo;histoirede l&rsquo;association Bienvenue chez EDH Comp\u00e9tition Au c\u0153ur de Wittisheim, nich\u00e9e dans le cadre chaleureux de l\u2019\u00c9curie du Hohrust, notre [&hellip;]<\/p>\n","protected":false},"author":1,"featured_media":0,"parent":0,"menu_order":0,"comment_status":"closed","ping_status":"closed","template":"elementor_header_footer","meta":{"site-sidebar-layout":"no-sidebar","site-content-layout":"","ast-site-content-layout":"full-width-container","site-content-style":"default","site-sidebar-style":"default","ast-global-header-display":"","ast-banner-title-visibility":"","ast-main-header-display":"","ast-hfb-above-header-display":"","ast-hfb-below-header-display":"","ast-hfb-mobile-header-display":"","site-post-title":"disabled","ast-breadcrumbs-content":"","ast-featured-img":"disabled","footer-sml-layout":"","theme-transparent-header-meta":"","adv-header-id-meta":"","stick-header-meta":"","header-above-stick-meta":"","header-main-stick-meta":"","header-below-stick-meta":"","astra-migrate-meta-layouts":"default","ast-page-background-enabled":"default","ast-page-background-meta":{"desktop":{"background-color":"var(--ast-global-color-5)","background-image":"","background-repeat":"repeat","background-position":"center center","background-size":"auto","background-attachment":"scroll","background-type":"","background-media":"","overlay-type":"","overlay-color":"","overlay-opacity":"","overlay-gradient":""},"tablet":{"background-color":"","background-image":"","background-repeat":"repeat","background-position":"center center","background-size":"auto","background-attachment":"scroll","background-type":"","background-media":"","overlay-type":"","overlay-color":"","overlay-opacity":"","overlay-gradient":""},"mobile":{"background-color":"","background-image":"","background-repeat":"repeat","background-position":"center center","background-size":"auto","background-attachment":"scroll","background-type":"","background-media":"","overlay-type":"","overlay-color":"","overlay-opacity":"","overlay-gradient":""}},"ast-content-background-meta":{"desktop":{"background-color":"var(--ast-global-color-4)","background-image":"","background-repeat":"repeat","background-position":"center center","background-size":"auto","background-attachment":"scroll","background-type":"","background-media":"","overlay-type":"","overlay-color":"","overlay-opacity":"","overlay-gradient":""},"tablet":{"background-color":"var(--ast-global-color-4)","background-image":"","background-repeat":"repeat","background-position":"center center","background-size":"auto","background-attachment":"scroll","background-type":"","background-media":"","overlay-type":"","overlay-color":"","overlay-opacity":"","overlay-gradient":""},"mobile":{"background-color":"var(--ast-global-color-4)","background-image":"","background-repeat":"repeat","background-position":"center center","background-size":"auto","background-attachment":"scroll","background-type":"","background-media":"","overlay-type":"","overlay-color":"","overlay-opacity":"","overlay-gradient":""}},"footnotes":""},"class_list":["post-187","page","type-page","status-publish","hentry"],"yoast_head":"<!-- This site is optimized with the Yoast SEO plugin v25.3 - https:\/\/yoast.com\/wordpress\/plugins\/seo\/ -->\n<title>EDH Comp\u00e9tition \u2013 Association \u00e9questre \u00e0 Wittisheim<\/title>\n<meta name=\"description\" content=\"N\u00e9e en 2022 \u00e0 Wittisheim, EDH Comp\u00e9tition r\u00e9unit passion, comp\u00e9tition et convivialit\u00e9. D\u00e9couvrez nos concours et autres \u00e9v\u00e9nements.\" \/>\n<meta name=\"robots\" content=\"index, follow, max-snippet:-1, max-image-preview:large, max-video-preview:-1\" \/>\n<link rel=\"canonical\" href=\"https:\/\/edhcompetition.fr\/index.php\/lhistoire-de-lassociation\/\" \/>\n<meta property=\"og:locale\" content=\"fr_FR\" \/>\n<meta property=\"og:type\" content=\"article\" \/>\n<meta property=\"og:title\" content=\"EDH Comp\u00e9tition \u2013 Association \u00e9questre \u00e0 Wittisheim\" \/>\n<meta property=\"og:description\" content=\"N\u00e9e en 2022 \u00e0 Wittisheim, EDH Comp\u00e9tition r\u00e9unit passion, comp\u00e9tition et convivialit\u00e9. D\u00e9couvrez nos concours et autres \u00e9v\u00e9nements.\" \/>\n<meta property=\"og:url\" content=\"https:\/\/edhcompetition.fr\/index.php\/lhistoire-de-lassociation\/\" \/>\n<meta property=\"og:site_name\" content=\"edhcompetition\" \/>\n<meta property=\"article:modified_time\" content=\"2025-04-25T07:33:41+00:00\" \/>\n<meta property=\"og:image\" content=\"http:\/\/edhcompetition.fr\/wp-content\/uploads\/2025\/04\/photo-filles-dos-1024x682.jpeg\" \/>\n<meta name=\"twitter:card\" content=\"summary_large_image\" \/>\n<meta name=\"twitter:label1\" content=\"Dur\u00e9e de lecture estim\u00e9e\" \/>\n\t<meta name=\"twitter:data1\" content=\"2 minutes\" \/>\n<script type=\"application\/ld+json\" class=\"yoast-schema-graph\">{\"@context\":\"https:\/\/schema.org\",\"@graph\":[{\"@type\":\"WebPage\",\"@id\":\"https:\/\/edhcompetition.fr\/index.php\/lhistoire-de-lassociation\/\",\"url\":\"https:\/\/edhcompetition.fr\/index.php\/lhistoire-de-lassociation\/\",\"name\":\"EDH Comp\u00e9tition \u2013 Association \u00e9questre \u00e0 Wittisheim\",\"isPartOf\":{\"@id\":\"https:\/\/edhcompetition.fr\/#website\"},\"primaryImageOfPage\":{\"@id\":\"https:\/\/edhcompetition.fr\/index.php\/lhistoire-de-lassociation\/#primaryimage\"},\"image\":{\"@id\":\"https:\/\/edhcompetition.fr\/index.php\/lhistoire-de-lassociation\/#primaryimage\"},\"thumbnailUrl\":\"http:\/\/edhcompetition.fr\/wp-content\/uploads\/2025\/04\/photo-filles-dos-1024x682.jpeg\",\"datePublished\":\"2025-04-10T09:33:34+00:00\",\"dateModified\":\"2025-04-25T07:33:41+00:00\",\"description\":\"N\u00e9e en 2022 \u00e0 Wittisheim, EDH Comp\u00e9tition r\u00e9unit passion, comp\u00e9tition et convivialit\u00e9. D\u00e9couvrez nos concours et autres \u00e9v\u00e9nements.\",\"breadcrumb\":{\"@id\":\"https:\/\/edhcompetition.fr\/index.php\/lhistoire-de-lassociation\/#breadcrumb\"},\"inLanguage\":\"fr-FR\",\"potentialAction\":[{\"@type\":\"ReadAction\",\"target\":[\"https:\/\/edhcompetition.fr\/index.php\/lhistoire-de-lassociation\/\"]}]},{\"@type\":\"ImageObject\",\"inLanguage\":\"fr-FR\",\"@id\":\"https:\/\/edhcompetition.fr\/index.php\/lhistoire-de-lassociation\/#primaryimage\",\"url\":\"https:\/\/edhcompetition.fr\/wp-content\/uploads\/2025\/04\/photo-filles-dos.jpeg\",\"contentUrl\":\"https:\/\/edhcompetition.fr\/wp-content\/uploads\/2025\/04\/photo-filles-dos.jpeg\",\"width\":1600,\"height\":1066},{\"@type\":\"BreadcrumbList\",\"@id\":\"https:\/\/edhcompetition.fr\/index.php\/lhistoire-de-lassociation\/#breadcrumb\",\"itemListElement\":[{\"@type\":\"ListItem\",\"position\":1,\"name\":\"Home\",\"item\":\"https:\/\/edhcompetition.fr\/\"},{\"@type\":\"ListItem\",\"position\":2,\"name\":\"L&rsquo;histoire de l&rsquo;association\"}]},{\"@type\":\"WebSite\",\"@id\":\"https:\/\/edhcompetition.fr\/#website\",\"url\":\"https:\/\/edhcompetition.fr\/\",\"name\":\"edhcompetition\",\"description\":\"\",\"potentialAction\":[{\"@type\":\"SearchAction\",\"target\":{\"@type\":\"EntryPoint\",\"urlTemplate\":\"https:\/\/edhcompetition.fr\/?s={search_term_string}\"},\"query-input\":{\"@type\":\"PropertyValueSpecification\",\"valueRequired\":true,\"valueName\":\"search_term_string\"}}],\"inLanguage\":\"fr-FR\"}]}<\/script>\n<!-- \/ Yoast SEO plugin. -->","yoast_head_json":{"title":"EDH Comp\u00e9tition \u2013 Association \u00e9questre \u00e0 Wittisheim","description":"N\u00e9e en 2022 \u00e0 Wittisheim, EDH Comp\u00e9tition r\u00e9unit passion, comp\u00e9tition et convivialit\u00e9. D\u00e9couvrez nos concours et autres \u00e9v\u00e9nements.","robots":{"index":"index","follow":"follow","max-snippet":"max-snippet:-1","max-image-preview":"max-image-preview:large","max-video-preview":"max-video-preview:-1"},"canonical":"https:\/\/edhcompetition.fr\/index.php\/lhistoire-de-lassociation\/","og_locale":"fr_FR","og_type":"article","og_title":"EDH Comp\u00e9tition \u2013 Association \u00e9questre \u00e0 Wittisheim","og_description":"N\u00e9e en 2022 \u00e0 Wittisheim, EDH Comp\u00e9tition r\u00e9unit passion, comp\u00e9tition et convivialit\u00e9. D\u00e9couvrez nos concours et autres \u00e9v\u00e9nements.","og_url":"https:\/\/edhcompetition.fr\/index.php\/lhistoire-de-lassociation\/","og_site_name":"edhcompetition","article_modified_time":"2025-04-25T07:33:41+00:00","og_image":[{"url":"http:\/\/edhcompetition.fr\/wp-content\/uploads\/2025\/04\/photo-filles-dos-1024x682.jpeg","type":"","width":"","height":""}],"twitter_card":"summary_large_image","twitter_misc":{"Dur\u00e9e de lecture estim\u00e9e":"2 minutes"},"schema":{"@context":"https:\/\/schema.org","@graph":[{"@type":"WebPage","@id":"https:\/\/edhcompetition.fr\/index.php\/lhistoire-de-lassociation\/","url":"https:\/\/edhcompetition.fr\/index.php\/lhistoire-de-lassociation\/","name":"EDH Comp\u00e9tition \u2013 Association \u00e9questre \u00e0 Wittisheim","isPartOf":{"@id":"https:\/\/edhcompetition.fr\/#website"},"primaryImageOfPage":{"@id":"https:\/\/edhcompetition.fr\/index.php\/lhistoire-de-lassociation\/#primaryimage"},"image":{"@id":"https:\/\/edhcompetition.fr\/index.php\/lhistoire-de-lassociation\/#primaryimage"},"thumbnailUrl":"http:\/\/edhcompetition.fr\/wp-content\/uploads\/2025\/04\/photo-filles-dos-1024x682.jpeg","datePublished":"2025-04-10T09:33:34+00:00","dateModified":"2025-04-25T07:33:41+00:00","description":"N\u00e9e en 2022 \u00e0 Wittisheim, EDH Comp\u00e9tition r\u00e9unit passion, comp\u00e9tition et convivialit\u00e9. D\u00e9couvrez nos concours et autres \u00e9v\u00e9nements.","breadcrumb":{"@id":"https:\/\/edhcompetition.fr\/index.php\/lhistoire-de-lassociation\/#breadcrumb"},"inLanguage":"fr-FR","potentialAction":[{"@type":"ReadAction","target":["https:\/\/edhcompetition.fr\/index.php\/lhistoire-de-lassociation\/"]}]},{"@type":"ImageObject","inLanguage":"fr-FR","@id":"https:\/\/edhcompetition.fr\/index.php\/lhistoire-de-lassociation\/#primaryimage","url":"https:\/\/edhcompetition.fr\/wp-content\/uploads\/2025\/04\/photo-filles-dos.jpeg","contentUrl":"https:\/\/edhcompetition.fr\/wp-content\/uploads\/2025\/04\/photo-filles-dos.jpeg","width":1600,"height":1066},{"@type":"BreadcrumbList","@id":"https:\/\/edhcompetition.fr\/index.php\/lhistoire-de-lassociation\/#breadcrumb","itemListElement":[{"@type":"ListItem","position":1,"name":"Home","item":"https:\/\/edhcompetition.fr\/"},{"@type":"ListItem","position":2,"name":"L&rsquo;histoire de l&rsquo;association"}]},{"@type":"WebSite","@id":"https:\/\/edhcompetition.fr\/#website","url":"https:\/\/edhcompetition.fr\/","name":"edhcompetition","description":"","potentialAction":[{"@type":"SearchAction","target":{"@type":"EntryPoint","urlTemplate":"https:\/\/edhcompetition.fr\/?s={search_term_string}"},"query-input":{"@type":"PropertyValueSpecification","valueRequired":true,"valueName":"search_term_string"}}],"inLanguage":"fr-FR"}]}},"_links":{"self":[{"href":"https:\/\/edhcompetition.fr\/index.php\/wp-json\/wp\/v2\/pages\/187","targetHints":{"allow":["GET"]}}],"collection":[{"href":"https:\/\/edhcompetition.fr\/index.php\/wp-json\/wp\/v2\/pages"}],"about":[{"href":"https:\/\/edhcompetition.fr\/index.php\/wp-json\/wp\/v2\/types\/page"}],"author":[{"embeddable":true,"href":"https:\/\/edhcompetition.fr\/index.php\/wp-json\/wp\/v2\/users\/1"}],"replies":[{"embeddable":true,"href":"https:\/\/edhcompetition.fr\/index.php\/wp-json\/wp\/v2\/comments?post=187"}],"version-history":[{"count":110,"href":"https:\/\/edhcompetition.fr\/index.php\/wp-json\/wp\/v2\/pages\/187\/revisions"}],"predecessor-version":[{"id":1012,"href":"https:\/\/edhcompetition.fr\/index.php\/wp-json\/wp\/v2\/pages\/187\/revisions\/1012"}],"wp:attachment":[{"href":"https:\/\/edhcompetition.fr\/index.php\/wp-json\/wp\/v2\/media?parent=187"}],"curies":[{"name":"wp","href":"https:\/\/api.w.org\/{rel}","templated":true}]}}