{"id":351,"date":"2025-04-16T14:49:02","date_gmt":"2025-04-16T12:49:02","guid":{"rendered":"http:\/\/edhcompetition.fr\/?page_id=351"},"modified":"2025-04-25T09:35:29","modified_gmt":"2025-04-25T07:35:29","slug":"nous-contacter","status":"publish","type":"page","link":"https:\/\/edhcompetition.fr\/index.php\/nous-contacter\/","title":{"rendered":"Nous contacter"},"content":{"rendered":"\t\t<div data-elementor-type=\"wp-page\" data-elementor-id=\"351\" class=\"elementor elementor-351\">\n\t\t\t\t<div class=\"elementor-element elementor-element-e778ea8 e-flex e-con-boxed e-con e-parent\" data-id=\"e778ea8\" data-element_type=\"container\" data-settings=\"{&quot;background_background&quot;:&quot;classic&quot;}\">\n\t\t\t\t\t<div class=\"e-con-inner\">\n\t\t\t\t<div class=\"elementor-element elementor-element-a418673 elementor-widget elementor-widget-heading\" data-id=\"a418673\" data-element_type=\"widget\" data-widget_type=\"heading.default\">\n\t\t\t\t<div class=\"elementor-widget-container\">\n\t\t\t\t\t<h2 class=\"elementor-heading-title elementor-size-default\">Nous contacter<\/h2>\t\t\t\t<\/div>\n\t\t\t\t<\/div>\n\t\t\t\t\t<\/div>\n\t\t\t\t<\/div>\n\t\t<div class=\"elementor-element elementor-element-4924caa e-flex e-con-boxed e-con e-parent\" data-id=\"4924caa\" data-element_type=\"container\">\n\t\t\t\t\t<div class=\"e-con-inner\">\n\t\t\t\t<div class=\"elementor-element elementor-element-55af799 elementor-widget elementor-widget-spacer\" data-id=\"55af799\" data-element_type=\"widget\" data-widget_type=\"spacer.default\">\n\t\t\t\t<div class=\"elementor-widget-container\">\n\t\t\t\t\t\t\t<div class=\"elementor-spacer\">\n\t\t\t<div class=\"elementor-spacer-inner\"><\/div>\n\t\t<\/div>\n\t\t\t\t\t\t<\/div>\n\t\t\t\t<\/div>\n\t\t\t\t\t<\/div>\n\t\t\t\t<\/div>\n\t\t<div class=\"elementor-element elementor-element-63aa242 e-con-full e-flex e-con e-parent\" data-id=\"63aa242\" data-element_type=\"container\">\n\t\t\t\t<div class=\"elementor-element elementor-element-2d73599 elementor-widget-divider--view-line elementor-widget elementor-widget-divider\" data-id=\"2d73599\" data-element_type=\"widget\" data-widget_type=\"divider.default\">\n\t\t\t\t<div class=\"elementor-widget-container\">\n\t\t\t\t\t\t\t<div class=\"elementor-divider\">\n\t\t\t<span class=\"elementor-divider-separator\">\n\t\t\t\t\t\t<\/span>\n\t\t<\/div>\n\t\t\t\t\t\t<\/div>\n\t\t\t\t<\/div>\n\t\t\t\t<\/div>\n\t\t<div class=\"elementor-element elementor-element-ffc438a e-flex e-con-boxed e-con e-parent\" data-id=\"ffc438a\" data-element_type=\"container\">\n\t\t\t\t\t<div class=\"e-con-inner\">\n\t\t\t\t<div class=\"elementor-element elementor-element-fba8740 elementor-widget elementor-widget-heading\" data-id=\"fba8740\" data-element_type=\"widget\" data-widget_type=\"heading.default\">\n\t\t\t\t<div class=\"elementor-widget-container\">\n\t\t\t\t\t<h2 class=\"elementor-heading-title elementor-size-default\">EDH Comp\u00e9tition<\/h2>\t\t\t\t<\/div>\n\t\t\t\t<\/div>\n\t\t\t\t<div class=\"elementor-element elementor-element-a23e624 elementor-widget-divider--view-line elementor-widget elementor-widget-divider\" data-id=\"a23e624\" data-element_type=\"widget\" data-widget_type=\"divider.default\">\n\t\t\t\t<div class=\"elementor-widget-container\">\n\t\t\t\t\t\t\t<div class=\"elementor-divider\">\n\t\t\t<span class=\"elementor-divider-separator\">\n\t\t\t\t\t\t<\/span>\n\t\t<\/div>\n\t\t\t\t\t\t<\/div>\n\t\t\t\t<\/div>\n\t\t\t\t\t<\/div>\n\t\t\t\t<\/div>\n\t\t<div class=\"elementor-element elementor-element-6ceaa3d e-flex e-con-boxed e-con e-parent\" data-id=\"6ceaa3d\" data-element_type=\"container\">\n\t\t\t\t\t<div class=\"e-con-inner\">\n\t\t\t\t<div class=\"elementor-element elementor-element-a21bb4f elementor-widget elementor-widget-spacer\" data-id=\"a21bb4f\" data-element_type=\"widget\" data-widget_type=\"spacer.default\">\n\t\t\t\t<div class=\"elementor-widget-container\">\n\t\t\t\t\t\t\t<div class=\"elementor-spacer\">\n\t\t\t<div class=\"elementor-spacer-inner\"><\/div>\n\t\t<\/div>\n\t\t\t\t\t\t<\/div>\n\t\t\t\t<\/div>\n\t\t\t\t\t<\/div>\n\t\t\t\t<\/div>\n\t\t<div class=\"elementor-element elementor-element-58278c6 e-flex e-con-boxed e-con e-parent\" data-id=\"58278c6\" data-element_type=\"container\">\n\t\t\t\t\t<div class=\"e-con-inner\">\n\t\t\t\t<div class=\"elementor-element elementor-element-cfe46c3 elementor-view-default elementor-widget elementor-widget-icon\" data-id=\"cfe46c3\" data-element_type=\"widget\" data-widget_type=\"icon.default\">\n\t\t\t\t<div class=\"elementor-widget-container\">\n\t\t\t\t\t\t\t<div class=\"elementor-icon-wrapper\">\n\t\t\t<div class=\"elementor-icon\">\n\t\t\t<i aria-hidden=\"true\" class=\"icon icon-envelope\"><\/i>\t\t\t<\/div>\n\t\t<\/div>\n\t\t\t\t\t\t<\/div>\n\t\t\t\t<\/div>\n\t\t<div class=\"elementor-element elementor-element-8a005bf e-con-full e-flex e-con e-child\" data-id=\"8a005bf\" data-element_type=\"container\">\n\t\t\t\t<div class=\"elementor-element elementor-element-0d3a9b1 elementor-widget elementor-widget-text-editor\" data-id=\"0d3a9b1\" data-element_type=\"widget\" data-widget_type=\"text-editor.default\">\n\t\t\t\t<div class=\"elementor-widget-container\">\n\t\t\t\t\t\t\t\t\t<p>edhcompetition@gmail.com<\/p>\t\t\t\t\t\t\t\t<\/div>\n\t\t\t\t<\/div>\n\t\t\t\t<\/div>\n\t\t\t\t<div class=\"elementor-element elementor-element-ddcfa9e elementor-view-default elementor-widget elementor-widget-icon\" data-id=\"ddcfa9e\" data-element_type=\"widget\" data-widget_type=\"icon.default\">\n\t\t\t\t<div class=\"elementor-widget-container\">\n\t\t\t\t\t\t\t<div class=\"elementor-icon-wrapper\">\n\t\t\t<div class=\"elementor-icon\">\n\t\t\t<svg aria-hidden=\"true\" class=\"e-font-icon-svg e-fas-map-marker-alt\" viewBox=\"0 0 384 512\" xmlns=\"http:\/\/www.w3.org\/2000\/svg\"><path d=\"M172.268 501.67C26.97 291.031 0 269.413 0 192 0 85.961 85.961 0 192 0s192 85.961 192 192c0 77.413-26.97 99.031-172.268 309.67-9.535 13.774-29.93 13.773-39.464 0zM192 272c44.183 0 80-35.817 80-80s-35.817-80-80-80-80 35.817-80 80 35.817 80 80 80z\"><\/path><\/svg>\t\t\t<\/div>\n\t\t<\/div>\n\t\t\t\t\t\t<\/div>\n\t\t\t\t<\/div>\n\t\t<div class=\"elementor-element elementor-element-7e0cd55 e-con-full e-flex e-con e-child\" data-id=\"7e0cd55\" data-element_type=\"container\">\n\t\t\t\t<div class=\"elementor-element elementor-element-39a5a47 elementor-widget-tablet__width-initial elementor-widget elementor-widget-text-editor\" data-id=\"39a5a47\" data-element_type=\"widget\" data-widget_type=\"text-editor.default\">\n\t\t\t\t<div class=\"elementor-widget-container\">\n\t\t\t\t\t\t\t\t\t<p>63 route de Muttersholtz<br \/>67820 Wittisheim<\/p>\t\t\t\t\t\t\t\t<\/div>\n\t\t\t\t<\/div>\n\t\t\t\t<\/div>\n\t\t\t\t\t<\/div>\n\t\t\t\t<\/div>\n\t\t<div class=\"elementor-element elementor-element-6f85cc7 e-flex e-con-boxed e-con e-parent\" data-id=\"6f85cc7\" data-element_type=\"container\" data-settings=\"{&quot;background_background&quot;:&quot;classic&quot;}\">\n\t\t\t\t\t<div class=\"e-con-inner\">\n\t\t<div class=\"elementor-element elementor-element-f562265 e-con-full e-flex e-con e-child\" data-id=\"f562265\" data-element_type=\"container\">\n\t\t\t\t<div class=\"elementor-element elementor-element-3b33982 elementor-widget__width-initial e-transform elementor-widget elementor-widget-image\" data-id=\"3b33982\" data-element_type=\"widget\" data-settings=\"{&quot;_transform_translateX_effect&quot;:{&quot;unit&quot;:&quot;px&quot;,&quot;size&quot;:-83,&quot;sizes&quot;:[]},&quot;_transform_translateX_effect_tablet&quot;:{&quot;unit&quot;:&quot;px&quot;,&quot;size&quot;:&quot;&quot;,&quot;sizes&quot;:[]},&quot;_transform_translateX_effect_mobile&quot;:{&quot;unit&quot;:&quot;px&quot;,&quot;size&quot;:&quot;&quot;,&quot;sizes&quot;:[]},&quot;_transform_translateY_effect&quot;:{&quot;unit&quot;:&quot;px&quot;,&quot;size&quot;:&quot;&quot;,&quot;sizes&quot;:[]},&quot;_transform_translateY_effect_tablet&quot;:{&quot;unit&quot;:&quot;px&quot;,&quot;size&quot;:&quot;&quot;,&quot;sizes&quot;:[]},&quot;_transform_translateY_effect_mobile&quot;:{&quot;unit&quot;:&quot;px&quot;,&quot;size&quot;:&quot;&quot;,&quot;sizes&quot;:[]}}\" data-widget_type=\"image.default\">\n\t\t\t\t<div class=\"elementor-widget-container\">\n\t\t\t\t\t\t\t\t\t\t\t\t\t\t\t<img decoding=\"async\" width=\"237\" height=\"148\" src=\"https:\/\/edhcompetition.fr\/wp-content\/uploads\/2025\/04\/illustration-cheval-contour-droite.png\" class=\"attachment-large size-large wp-image-745\" alt=\"\" \/>\t\t\t\t\t\t\t\t\t\t\t\t\t\t\t<\/div>\n\t\t\t\t<\/div>\n\t\t\t\t<\/div>\n\t\t<div class=\"elementor-element elementor-element-9ca7ee0 e-con-full e-flex e-con e-child\" data-id=\"9ca7ee0\" data-element_type=\"container\">\n\t\t\t\t<div class=\"elementor-element elementor-element-8fc4b5b elementor-widget__width-initial elementor-invisible elementor-widget elementor-widget-google_maps\" data-id=\"8fc4b5b\" data-element_type=\"widget\" data-settings=\"{&quot;_animation&quot;:&quot;fadeInRight&quot;,&quot;_animation_delay&quot;:0}\" data-widget_type=\"google_maps.default\">\n\t\t\t\t<div class=\"elementor-widget-container\">\n\t\t\t\t\t\t\t<div class=\"elementor-custom-embed\">\n\t\t\t<iframe loading=\"lazy\"\n\t\t\t\t\tsrc=\"https:\/\/maps.google.com\/maps?q=63%20route%20de%20Muttersholtz%2067820%20Wittisheim&#038;t=m&#038;z=10&#038;output=embed&#038;iwloc=near\"\n\t\t\t\t\ttitle=\"63 route de Muttersholtz 67820 Wittisheim\"\n\t\t\t\t\taria-label=\"63 route de Muttersholtz 67820 Wittisheim\"\n\t\t\t><\/iframe>\n\t\t<\/div>\n\t\t\t\t\t\t<\/div>\n\t\t\t\t<\/div>\n\t\t\t\t<\/div>\n\t\t\t\t\t<\/div>\n\t\t\t\t<\/div>\n\t\t<div class=\"elementor-element elementor-element-d93d390 e-flex e-con-boxed e-con e-parent\" data-id=\"d93d390\" data-element_type=\"container\">\n\t\t\t\t\t<div class=\"e-con-inner\">\n\t\t\t\t<div class=\"elementor-element elementor-element-fa6f5c7 elementor-widget elementor-widget-spacer\" data-id=\"fa6f5c7\" data-element_type=\"widget\" data-widget_type=\"spacer.default\">\n\t\t\t\t<div class=\"elementor-widget-container\">\n\t\t\t\t\t\t\t<div class=\"elementor-spacer\">\n\t\t\t<div class=\"elementor-spacer-inner\"><\/div>\n\t\t<\/div>\n\t\t\t\t\t\t<\/div>\n\t\t\t\t<\/div>\n\t\t\t\t\t<\/div>\n\t\t\t\t<\/div>\n\t\t\t\t<\/div>\n\t\t","protected":false},"excerpt":{"rendered":"<p>Nous contacter EDH Comp\u00e9tition edhcompetition@gmail.com 63 route de Muttersholtz67820 Wittisheim<\/p>\n","protected":false},"author":1,"featured_media":0,"parent":0,"menu_order":0,"comment_status":"closed","ping_status":"closed","template":"elementor_header_footer","meta":{"site-sidebar-layout":"no-sidebar","site-content-layout":"","ast-site-content-layout":"full-width-container","site-content-style":"default","site-sidebar-style":"default","ast-global-header-display":"","ast-banner-title-visibility":"","ast-main-header-display":"","ast-hfb-above-header-display":"","ast-hfb-below-header-display":"","ast-hfb-mobile-header-display":"","site-post-title":"disabled","ast-breadcrumbs-content":"","ast-featured-img":"disabled","footer-sml-layout":"","theme-transparent-header-meta":"","adv-header-id-meta":"","stick-header-meta":"","header-above-stick-meta":"","header-main-stick-meta":"","header-below-stick-meta":"","astra-migrate-meta-layouts":"default","ast-page-background-enabled":"default","ast-page-background-meta":{"desktop":{"background-color":"var(--ast-global-color-5)","background-image":"","background-repeat":"repeat","background-position":"center center","background-size":"auto","background-attachment":"scroll","background-type":"","background-media":"","overlay-type":"","overlay-color":"","overlay-opacity":"","overlay-gradient":""},"tablet":{"background-color":"","background-image":"","background-repeat":"repeat","background-position":"center center","background-size":"auto","background-attachment":"scroll","background-type":"","background-media":"","overlay-type":"","overlay-color":"","overlay-opacity":"","overlay-gradient":""},"mobile":{"background-color":"","background-image":"","background-repeat":"repeat","background-position":"center center","background-size":"auto","background-attachment":"scroll","background-type":"","background-media":"","overlay-type":"","overlay-color":"","overlay-opacity":"","overlay-gradient":""}},"ast-content-background-meta":{"desktop":{"background-color":"var(--ast-global-color-4)","background-image":"","background-repeat":"repeat","background-position":"center center","background-size":"auto","background-attachment":"scroll","background-type":"","background-media":"","overlay-type":"","overlay-color":"","overlay-opacity":"","overlay-gradient":""},"tablet":{"background-color":"var(--ast-global-color-4)","background-image":"","background-repeat":"repeat","background-position":"center center","background-size":"auto","background-attachment":"scroll","background-type":"","background-media":"","overlay-type":"","overlay-color":"","overlay-opacity":"","overlay-gradient":""},"mobile":{"background-color":"var(--ast-global-color-4)","background-image":"","background-repeat":"repeat","background-position":"center center","background-size":"auto","background-attachment":"scroll","background-type":"","background-media":"","overlay-type":"","overlay-color":"","overlay-opacity":"","overlay-gradient":""}},"footnotes":""},"class_list":["post-351","page","type-page","status-publish","hentry"],"yoast_head":"<!-- This site is optimized with the Yoast SEO plugin v25.3 - https:\/\/yoast.com\/wordpress\/plugins\/seo\/ -->\n<title>Contact EDH Comp\u00e9tition \u2013 Coordonn\u00e9es et informations<\/title>\n<meta name=\"description\" content=\"Besoin de nous contacter ? Retrouvez les informations pour joindre EDH Comp\u00e9tition \u00e0 Wittisheim. Toutes les infos pratiques sont ici !\" \/>\n<meta name=\"robots\" content=\"index, follow, max-snippet:-1, max-image-preview:large, max-video-preview:-1\" \/>\n<link rel=\"canonical\" href=\"https:\/\/edhcompetition.fr\/index.php\/nous-contacter\/\" \/>\n<meta property=\"og:locale\" content=\"fr_FR\" \/>\n<meta property=\"og:type\" content=\"article\" \/>\n<meta property=\"og:title\" content=\"Contact EDH Comp\u00e9tition \u2013 Coordonn\u00e9es et informations\" \/>\n<meta property=\"og:description\" content=\"Besoin de nous contacter ? Retrouvez les informations pour joindre EDH Comp\u00e9tition \u00e0 Wittisheim. Toutes les infos pratiques sont ici !\" \/>\n<meta property=\"og:url\" content=\"https:\/\/edhcompetition.fr\/index.php\/nous-contacter\/\" \/>\n<meta property=\"og:site_name\" content=\"edhcompetition\" \/>\n<meta property=\"article:modified_time\" content=\"2025-04-25T07:35:29+00:00\" \/>\n<meta property=\"og:image\" content=\"http:\/\/edhcompetition.fr\/wp-content\/uploads\/2025\/04\/illustration-cheval-contour-droite.png\" \/>\n<meta name=\"twitter:card\" content=\"summary_large_image\" \/>\n<meta name=\"twitter:label1\" content=\"Dur\u00e9e de lecture estim\u00e9e\" \/>\n\t<meta name=\"twitter:data1\" content=\"1 minute\" \/>\n<script type=\"application\/ld+json\" class=\"yoast-schema-graph\">{\"@context\":\"https:\/\/schema.org\",\"@graph\":[{\"@type\":\"WebPage\",\"@id\":\"https:\/\/edhcompetition.fr\/index.php\/nous-contacter\/\",\"url\":\"https:\/\/edhcompetition.fr\/index.php\/nous-contacter\/\",\"name\":\"Contact EDH Comp\u00e9tition \u2013 Coordonn\u00e9es et informations\",\"isPartOf\":{\"@id\":\"https:\/\/edhcompetition.fr\/#website\"},\"primaryImageOfPage\":{\"@id\":\"https:\/\/edhcompetition.fr\/index.php\/nous-contacter\/#primaryimage\"},\"image\":{\"@id\":\"https:\/\/edhcompetition.fr\/index.php\/nous-contacter\/#primaryimage\"},\"thumbnailUrl\":\"http:\/\/edhcompetition.fr\/wp-content\/uploads\/2025\/04\/illustration-cheval-contour-droite.png\",\"datePublished\":\"2025-04-16T12:49:02+00:00\",\"dateModified\":\"2025-04-25T07:35:29+00:00\",\"description\":\"Besoin de nous contacter ? Retrouvez les informations pour joindre EDH Comp\u00e9tition \u00e0 Wittisheim. Toutes les infos pratiques sont ici !\",\"breadcrumb\":{\"@id\":\"https:\/\/edhcompetition.fr\/index.php\/nous-contacter\/#breadcrumb\"},\"inLanguage\":\"fr-FR\",\"potentialAction\":[{\"@type\":\"ReadAction\",\"target\":[\"https:\/\/edhcompetition.fr\/index.php\/nous-contacter\/\"]}]},{\"@type\":\"ImageObject\",\"inLanguage\":\"fr-FR\",\"@id\":\"https:\/\/edhcompetition.fr\/index.php\/nous-contacter\/#primaryimage\",\"url\":\"https:\/\/edhcompetition.fr\/wp-content\/uploads\/2025\/04\/illustration-cheval-contour-droite.png\",\"contentUrl\":\"https:\/\/edhcompetition.fr\/wp-content\/uploads\/2025\/04\/illustration-cheval-contour-droite.png\",\"width\":237,\"height\":148},{\"@type\":\"BreadcrumbList\",\"@id\":\"https:\/\/edhcompetition.fr\/index.php\/nous-contacter\/#breadcrumb\",\"itemListElement\":[{\"@type\":\"ListItem\",\"position\":1,\"name\":\"Home\",\"item\":\"https:\/\/edhcompetition.fr\/\"},{\"@type\":\"ListItem\",\"position\":2,\"name\":\"Nous contacter\"}]},{\"@type\":\"WebSite\",\"@id\":\"https:\/\/edhcompetition.fr\/#website\",\"url\":\"https:\/\/edhcompetition.fr\/\",\"name\":\"edhcompetition\",\"description\":\"\",\"potentialAction\":[{\"@type\":\"SearchAction\",\"target\":{\"@type\":\"EntryPoint\",\"urlTemplate\":\"https:\/\/edhcompetition.fr\/?s={search_term_string}\"},\"query-input\":{\"@type\":\"PropertyValueSpecification\",\"valueRequired\":true,\"valueName\":\"search_term_string\"}}],\"inLanguage\":\"fr-FR\"}]}<\/script>\n<!-- \/ Yoast SEO plugin. -->","yoast_head_json":{"title":"Contact EDH Comp\u00e9tition \u2013 Coordonn\u00e9es et informations","description":"Besoin de nous contacter ? Retrouvez les informations pour joindre EDH Comp\u00e9tition \u00e0 Wittisheim. Toutes les infos pratiques sont ici !","robots":{"index":"index","follow":"follow","max-snippet":"max-snippet:-1","max-image-preview":"max-image-preview:large","max-video-preview":"max-video-preview:-1"},"canonical":"https:\/\/edhcompetition.fr\/index.php\/nous-contacter\/","og_locale":"fr_FR","og_type":"article","og_title":"Contact EDH Comp\u00e9tition \u2013 Coordonn\u00e9es et informations","og_description":"Besoin de nous contacter ? Retrouvez les informations pour joindre EDH Comp\u00e9tition \u00e0 Wittisheim. Toutes les infos pratiques sont ici !","og_url":"https:\/\/edhcompetition.fr\/index.php\/nous-contacter\/","og_site_name":"edhcompetition","article_modified_time":"2025-04-25T07:35:29+00:00","og_image":[{"url":"http:\/\/edhcompetition.fr\/wp-content\/uploads\/2025\/04\/illustration-cheval-contour-droite.png","type":"","width":"","height":""}],"twitter_card":"summary_large_image","twitter_misc":{"Dur\u00e9e de lecture estim\u00e9e":"1 minute"},"schema":{"@context":"https:\/\/schema.org","@graph":[{"@type":"WebPage","@id":"https:\/\/edhcompetition.fr\/index.php\/nous-contacter\/","url":"https:\/\/edhcompetition.fr\/index.php\/nous-contacter\/","name":"Contact EDH Comp\u00e9tition \u2013 Coordonn\u00e9es et informations","isPartOf":{"@id":"https:\/\/edhcompetition.fr\/#website"},"primaryImageOfPage":{"@id":"https:\/\/edhcompetition.fr\/index.php\/nous-contacter\/#primaryimage"},"image":{"@id":"https:\/\/edhcompetition.fr\/index.php\/nous-contacter\/#primaryimage"},"thumbnailUrl":"http:\/\/edhcompetition.fr\/wp-content\/uploads\/2025\/04\/illustration-cheval-contour-droite.png","datePublished":"2025-04-16T12:49:02+00:00","dateModified":"2025-04-25T07:35:29+00:00","description":"Besoin de nous contacter ? Retrouvez les informations pour joindre EDH Comp\u00e9tition \u00e0 Wittisheim. Toutes les infos pratiques sont ici !","breadcrumb":{"@id":"https:\/\/edhcompetition.fr\/index.php\/nous-contacter\/#breadcrumb"},"inLanguage":"fr-FR","potentialAction":[{"@type":"ReadAction","target":["https:\/\/edhcompetition.fr\/index.php\/nous-contacter\/"]}]},{"@type":"ImageObject","inLanguage":"fr-FR","@id":"https:\/\/edhcompetition.fr\/index.php\/nous-contacter\/#primaryimage","url":"https:\/\/edhcompetition.fr\/wp-content\/uploads\/2025\/04\/illustration-cheval-contour-droite.png","contentUrl":"https:\/\/edhcompetition.fr\/wp-content\/uploads\/2025\/04\/illustration-cheval-contour-droite.png","width":237,"height":148},{"@type":"BreadcrumbList","@id":"https:\/\/edhcompetition.fr\/index.php\/nous-contacter\/#breadcrumb","itemListElement":[{"@type":"ListItem","position":1,"name":"Home","item":"https:\/\/edhcompetition.fr\/"},{"@type":"ListItem","position":2,"name":"Nous contacter"}]},{"@type":"WebSite","@id":"https:\/\/edhcompetition.fr\/#website","url":"https:\/\/edhcompetition.fr\/","name":"edhcompetition","description":"","potentialAction":[{"@type":"SearchAction","target":{"@type":"EntryPoint","urlTemplate":"https:\/\/edhcompetition.fr\/?s={search_term_string}"},"query-input":{"@type":"PropertyValueSpecification","valueRequired":true,"valueName":"search_term_string"}}],"inLanguage":"fr-FR"}]}},"_links":{"self":[{"href":"https:\/\/edhcompetition.fr\/index.php\/wp-json\/wp\/v2\/pages\/351","targetHints":{"allow":["GET"]}}],"collection":[{"href":"https:\/\/edhcompetition.fr\/index.php\/wp-json\/wp\/v2\/pages"}],"about":[{"href":"https:\/\/edhcompetition.fr\/index.php\/wp-json\/wp\/v2\/types\/page"}],"author":[{"embeddable":true,"href":"https:\/\/edhcompetition.fr\/index.php\/wp-json\/wp\/v2\/users\/1"}],"replies":[{"embeddable":true,"href":"https:\/\/edhcompetition.fr\/index.php\/wp-json\/wp\/v2\/comments?post=351"}],"version-history":[{"count":58,"href":"https:\/\/edhcompetition.fr\/index.php\/wp-json\/wp\/v2\/pages\/351\/revisions"}],"predecessor-version":[{"id":1019,"href":"https:\/\/edhcompetition.fr\/index.php\/wp-json\/wp\/v2\/pages\/351\/revisions\/1019"}],"wp:attachment":[{"href":"https:\/\/edhcompetition.fr\/index.php\/wp-json\/wp\/v2\/media?parent=351"}],"curies":[{"name":"wp","href":"https:\/\/api.w.org\/{rel}","templated":true}]}}