{"id":438,"date":"2025-04-16T16:25:29","date_gmt":"2025-04-16T14:25:29","guid":{"rendered":"http:\/\/edhcompetition.fr\/?page_id=438"},"modified":"2025-04-25T08:17:20","modified_gmt":"2025-04-25T06:17:20","slug":"nos-actualites","status":"publish","type":"page","link":"https:\/\/edhcompetition.fr\/index.php\/nos-actualites\/","title":{"rendered":"Nos actualit\u00e9s"},"content":{"rendered":"\t\t<div data-elementor-type=\"wp-page\" data-elementor-id=\"438\" class=\"elementor elementor-438\">\n\t\t\t\t<div class=\"elementor-element elementor-element-86f8bb2 e-flex e-con-boxed e-con e-parent\" data-id=\"86f8bb2\" data-element_type=\"container\" data-settings=\"{&quot;background_background&quot;:&quot;classic&quot;}\">\n\t\t\t\t\t<div class=\"e-con-inner\">\n\t\t\t\t<div class=\"elementor-element elementor-element-da5242e elementor-widget elementor-widget-heading\" data-id=\"da5242e\" data-element_type=\"widget\" data-widget_type=\"heading.default\">\n\t\t\t\t<div class=\"elementor-widget-container\">\n\t\t\t\t\t<h2 class=\"elementor-heading-title elementor-size-default\">Nos actualit\u00e9s<\/h2>\t\t\t\t<\/div>\n\t\t\t\t<\/div>\n\t\t\t\t\t<\/div>\n\t\t\t\t<\/div>\n\t\t<div class=\"elementor-element elementor-element-5cb3edf e-flex e-con-boxed e-con e-parent\" data-id=\"5cb3edf\" data-element_type=\"container\">\n\t\t\t\t\t<div class=\"e-con-inner\">\n\t\t\t\t<div class=\"elementor-element elementor-element-55d1f6d elementor-widget elementor-widget-spacer\" data-id=\"55d1f6d\" data-element_type=\"widget\" data-widget_type=\"spacer.default\">\n\t\t\t\t<div class=\"elementor-widget-container\">\n\t\t\t\t\t\t\t<div class=\"elementor-spacer\">\n\t\t\t<div class=\"elementor-spacer-inner\"><\/div>\n\t\t<\/div>\n\t\t\t\t\t\t<\/div>\n\t\t\t\t<\/div>\n\t\t\t\t\t<\/div>\n\t\t\t\t<\/div>\n\t\t<div class=\"elementor-element elementor-element-bd332fc e-flex e-con-boxed e-con e-parent\" data-id=\"bd332fc\" data-element_type=\"container\" data-settings=\"{&quot;background_background&quot;:&quot;slideshow&quot;,&quot;background_slideshow_gallery&quot;:[],&quot;background_slideshow_slide_duration&quot;:5000,&quot;background_slideshow_slide_transition&quot;:&quot;fade&quot;,&quot;background_slideshow_transition_duration&quot;:500}\">\n\t\t\t\t\t<div class=\"e-con-inner\">\n\t\t\t\t<div class=\"elementor-element elementor-element-10396b7 elementor-align-left elementor-widget elementor-widget-elementskit-post-list\" data-id=\"10396b7\" data-element_type=\"widget\" data-settings=\"{&quot;_animation&quot;:&quot;none&quot;}\" data-widget_type=\"elementskit-post-list.default\">\n\t\t\t\t<div class=\"elementor-widget-container\">\n\t\t\t\t\t<div class=\"ekit-wid-con\" >\t\t<ul class=\"elementor-icon-list-items ekit-post-list-wrapper \">\n\t\t\t\t\t\t<li class=\"elementor-icon-list-item   \">\n\t\t\t\t<a href=\"https:\/\/edhcompetition.fr\/index.php\/cso-octobre-2024\/\" >\n\t\t\t\t\t<img decoding=\"async\" width=\"150\" height=\"150\" src=\"https:\/\/edhcompetition.fr\/wp-content\/uploads\/2025\/04\/affiche-cso-5e-mai-150x150.png\" class=\"attachment-thumbnail size-thumbnail wp-post-image\" alt=\"\" \/>\t\t\t\t\t<div class=\"ekit_post_list_content_wraper\">\n\t\t\t\t\t\t\n\t\t\t\t\t\t<span class=\"elementor-icon-list-text\">CSO Mai 2024<\/span>\n\n\t\t\t\t\t\t\t\t\t\t\t<\/div>\n\t\t\t\t<\/a>\n\t\t\t<\/li>\n\t\t\t\t\t<li class=\"elementor-icon-list-item   \">\n\t\t\t\t<a href=\"https:\/\/edhcompetition.fr\/index.php\/cso-mai-2024\/\" >\n\t\t\t\t\t<img decoding=\"async\" width=\"150\" height=\"150\" src=\"https:\/\/edhcompetition.fr\/wp-content\/uploads\/2025\/04\/affiche-cso-oct-13-150x150.png\" class=\"attachment-thumbnail size-thumbnail wp-post-image\" alt=\"\" \/>\t\t\t\t\t<div class=\"ekit_post_list_content_wraper\">\n\t\t\t\t\t\t\n\t\t\t\t\t\t<span class=\"elementor-icon-list-text\">CSO octobre 2024<\/span>\n\n\t\t\t\t\t\t\t\t\t\t\t<\/div>\n\t\t\t\t<\/a>\n\t\t\t<\/li>\n\t\t\t\t\t<li class=\"elementor-icon-list-item   \">\n\t\t\t\t<a href=\"https:\/\/edhcompetition.fr\/index.php\/bonjour-tout-le-monde\/\" >\n\t\t\t\t\t<img decoding=\"async\" width=\"150\" height=\"150\" src=\"https:\/\/edhcompetition.fr\/wp-content\/uploads\/2025\/04\/affiche-championnat-mai-2024-150x150.png\" class=\"attachment-thumbnail size-thumbnail wp-post-image\" alt=\"\" \/>\t\t\t\t\t<div class=\"ekit_post_list_content_wraper\">\n\t\t\t\t\t\t\n\t\t\t\t\t\t<span class=\"elementor-icon-list-text\">Championnat d\u00e9partemental de Hunter<\/span>\n\n\t\t\t\t\t\t\t\t\t\t\t<\/div>\n\t\t\t\t<\/a>\n\t\t\t<\/li>\n\t\t\t\t<\/ul>\n\t\t<\/div>\t\t\t\t<\/div>\n\t\t\t\t<\/div>\n\t\t\t\t\t<\/div>\n\t\t\t\t<\/div>\n\t\t\t\t<\/div>\n\t\t","protected":false},"excerpt":{"rendered":"<p>Nos actualit\u00e9s CSO Mai 2024 CSO octobre 2024 Championnat d\u00e9partemental de Hunter<\/p>\n","protected":false},"author":1,"featured_media":0,"parent":0,"menu_order":0,"comment_status":"closed","ping_status":"closed","template":"elementor_header_footer","meta":{"site-sidebar-layout":"no-sidebar","site-content-layout":"","ast-site-content-layout":"full-width-container","site-content-style":"default","site-sidebar-style":"default","ast-global-header-display":"","ast-banner-title-visibility":"","ast-main-header-display":"","ast-hfb-above-header-display":"","ast-hfb-below-header-display":"","ast-hfb-mobile-header-display":"","site-post-title":"disabled","ast-breadcrumbs-content":"","ast-featured-img":"disabled","footer-sml-layout":"","theme-transparent-header-meta":"","adv-header-id-meta":"","stick-header-meta":"","header-above-stick-meta":"","header-main-stick-meta":"","header-below-stick-meta":"","astra-migrate-meta-layouts":"default","ast-page-background-enabled":"default","ast-page-background-meta":{"desktop":{"background-color":"var(--ast-global-color-5)","background-image":"","background-repeat":"repeat","background-position":"center center","background-size":"auto","background-attachment":"scroll","background-type":"","background-media":"","overlay-type":"","overlay-color":"","overlay-opacity":"","overlay-gradient":""},"tablet":{"background-color":"","background-image":"","background-repeat":"repeat","background-position":"center center","background-size":"auto","background-attachment":"scroll","background-type":"","background-media":"","overlay-type":"","overlay-color":"","overlay-opacity":"","overlay-gradient":""},"mobile":{"background-color":"","background-image":"","background-repeat":"repeat","background-position":"center center","background-size":"auto","background-attachment":"scroll","background-type":"","background-media":"","overlay-type":"","overlay-color":"","overlay-opacity":"","overlay-gradient":""}},"ast-content-background-meta":{"desktop":{"background-color":"var(--ast-global-color-4)","background-image":"","background-repeat":"repeat","background-position":"center center","background-size":"auto","background-attachment":"scroll","background-type":"","background-media":"","overlay-type":"","overlay-color":"","overlay-opacity":"","overlay-gradient":""},"tablet":{"background-color":"var(--ast-global-color-4)","background-image":"","background-repeat":"repeat","background-position":"center center","background-size":"auto","background-attachment":"scroll","background-type":"","background-media":"","overlay-type":"","overlay-color":"","overlay-opacity":"","overlay-gradient":""},"mobile":{"background-color":"var(--ast-global-color-4)","background-image":"","background-repeat":"repeat","background-position":"center center","background-size":"auto","background-attachment":"scroll","background-type":"","background-media":"","overlay-type":"","overlay-color":"","overlay-opacity":"","overlay-gradient":""}},"footnotes":""},"class_list":["post-438","page","type-page","status-publish","hentry"],"yoast_head":"<!-- This site is optimized with the Yoast SEO plugin v25.3 - https:\/\/yoast.com\/wordpress\/plugins\/seo\/ -->\n<title>actualit\u00e9s \u00e9quitation Wittisheim - \u00c9v\u00e9nements et nouveaut\u00e9s<\/title>\n<meta name=\"description\" content=\"Restez inform\u00e9 sur les derni\u00e8res actualit\u00e9s de notre association EDH Comp\u00e9tition : \u00e9v\u00e9nements, concours, et toutes les nouveaut\u00e9s du club.\" \/>\n<meta name=\"robots\" content=\"index, follow, max-snippet:-1, max-image-preview:large, max-video-preview:-1\" \/>\n<link rel=\"canonical\" href=\"https:\/\/edhcompetition.fr\/index.php\/nos-actualites\/\" \/>\n<meta property=\"og:locale\" content=\"fr_FR\" \/>\n<meta property=\"og:type\" content=\"article\" \/>\n<meta property=\"og:title\" content=\"actualit\u00e9s \u00e9quitation Wittisheim - \u00c9v\u00e9nements et nouveaut\u00e9s\" \/>\n<meta property=\"og:description\" content=\"Restez inform\u00e9 sur les derni\u00e8res actualit\u00e9s de notre association EDH Comp\u00e9tition : \u00e9v\u00e9nements, concours, et toutes les nouveaut\u00e9s du club.\" \/>\n<meta property=\"og:url\" content=\"https:\/\/edhcompetition.fr\/index.php\/nos-actualites\/\" \/>\n<meta property=\"og:site_name\" content=\"edhcompetition\" \/>\n<meta property=\"article:modified_time\" content=\"2025-04-25T06:17:20+00:00\" \/>\n<meta property=\"og:image\" content=\"http:\/\/edhcompetition.fr\/wp-content\/uploads\/2025\/04\/affiche-cso-5e-mai-150x150.png\" \/>\n<meta name=\"twitter:card\" content=\"summary_large_image\" \/>\n<meta name=\"twitter:label1\" content=\"Dur\u00e9e de lecture estim\u00e9e\" \/>\n\t<meta name=\"twitter:data1\" content=\"1 minute\" \/>\n<script type=\"application\/ld+json\" class=\"yoast-schema-graph\">{\"@context\":\"https:\/\/schema.org\",\"@graph\":[{\"@type\":\"WebPage\",\"@id\":\"https:\/\/edhcompetition.fr\/index.php\/nos-actualites\/\",\"url\":\"https:\/\/edhcompetition.fr\/index.php\/nos-actualites\/\",\"name\":\"actualit\u00e9s \u00e9quitation Wittisheim - \u00c9v\u00e9nements et nouveaut\u00e9s\",\"isPartOf\":{\"@id\":\"https:\/\/edhcompetition.fr\/#website\"},\"primaryImageOfPage\":{\"@id\":\"https:\/\/edhcompetition.fr\/index.php\/nos-actualites\/#primaryimage\"},\"image\":{\"@id\":\"https:\/\/edhcompetition.fr\/index.php\/nos-actualites\/#primaryimage\"},\"thumbnailUrl\":\"http:\/\/edhcompetition.fr\/wp-content\/uploads\/2025\/04\/affiche-cso-5e-mai-150x150.png\",\"datePublished\":\"2025-04-16T14:25:29+00:00\",\"dateModified\":\"2025-04-25T06:17:20+00:00\",\"description\":\"Restez inform\u00e9 sur les derni\u00e8res actualit\u00e9s de notre association EDH Comp\u00e9tition : \u00e9v\u00e9nements, concours, et toutes les nouveaut\u00e9s du club.\",\"breadcrumb\":{\"@id\":\"https:\/\/edhcompetition.fr\/index.php\/nos-actualites\/#breadcrumb\"},\"inLanguage\":\"fr-FR\",\"potentialAction\":[{\"@type\":\"ReadAction\",\"target\":[\"https:\/\/edhcompetition.fr\/index.php\/nos-actualites\/\"]}]},{\"@type\":\"ImageObject\",\"inLanguage\":\"fr-FR\",\"@id\":\"https:\/\/edhcompetition.fr\/index.php\/nos-actualites\/#primaryimage\",\"url\":\"https:\/\/edhcompetition.fr\/wp-content\/uploads\/2025\/04\/affiche-cso-5e-mai.png\",\"contentUrl\":\"https:\/\/edhcompetition.fr\/wp-content\/uploads\/2025\/04\/affiche-cso-5e-mai.png\",\"width\":1414,\"height\":2000},{\"@type\":\"BreadcrumbList\",\"@id\":\"https:\/\/edhcompetition.fr\/index.php\/nos-actualites\/#breadcrumb\",\"itemListElement\":[{\"@type\":\"ListItem\",\"position\":1,\"name\":\"Home\",\"item\":\"https:\/\/edhcompetition.fr\/\"},{\"@type\":\"ListItem\",\"position\":2,\"name\":\"Nos actualit\u00e9s\"}]},{\"@type\":\"WebSite\",\"@id\":\"https:\/\/edhcompetition.fr\/#website\",\"url\":\"https:\/\/edhcompetition.fr\/\",\"name\":\"edhcompetition\",\"description\":\"\",\"potentialAction\":[{\"@type\":\"SearchAction\",\"target\":{\"@type\":\"EntryPoint\",\"urlTemplate\":\"https:\/\/edhcompetition.fr\/?s={search_term_string}\"},\"query-input\":{\"@type\":\"PropertyValueSpecification\",\"valueRequired\":true,\"valueName\":\"search_term_string\"}}],\"inLanguage\":\"fr-FR\"}]}<\/script>\n<!-- \/ Yoast SEO plugin. -->","yoast_head_json":{"title":"actualit\u00e9s \u00e9quitation Wittisheim - \u00c9v\u00e9nements et nouveaut\u00e9s","description":"Restez inform\u00e9 sur les derni\u00e8res actualit\u00e9s de notre association EDH Comp\u00e9tition : \u00e9v\u00e9nements, concours, et toutes les nouveaut\u00e9s du club.","robots":{"index":"index","follow":"follow","max-snippet":"max-snippet:-1","max-image-preview":"max-image-preview:large","max-video-preview":"max-video-preview:-1"},"canonical":"https:\/\/edhcompetition.fr\/index.php\/nos-actualites\/","og_locale":"fr_FR","og_type":"article","og_title":"actualit\u00e9s \u00e9quitation Wittisheim - \u00c9v\u00e9nements et nouveaut\u00e9s","og_description":"Restez inform\u00e9 sur les derni\u00e8res actualit\u00e9s de notre association EDH Comp\u00e9tition : \u00e9v\u00e9nements, concours, et toutes les nouveaut\u00e9s du club.","og_url":"https:\/\/edhcompetition.fr\/index.php\/nos-actualites\/","og_site_name":"edhcompetition","article_modified_time":"2025-04-25T06:17:20+00:00","og_image":[{"url":"http:\/\/edhcompetition.fr\/wp-content\/uploads\/2025\/04\/affiche-cso-5e-mai-150x150.png","type":"","width":"","height":""}],"twitter_card":"summary_large_image","twitter_misc":{"Dur\u00e9e de lecture estim\u00e9e":"1 minute"},"schema":{"@context":"https:\/\/schema.org","@graph":[{"@type":"WebPage","@id":"https:\/\/edhcompetition.fr\/index.php\/nos-actualites\/","url":"https:\/\/edhcompetition.fr\/index.php\/nos-actualites\/","name":"actualit\u00e9s \u00e9quitation Wittisheim - \u00c9v\u00e9nements et nouveaut\u00e9s","isPartOf":{"@id":"https:\/\/edhcompetition.fr\/#website"},"primaryImageOfPage":{"@id":"https:\/\/edhcompetition.fr\/index.php\/nos-actualites\/#primaryimage"},"image":{"@id":"https:\/\/edhcompetition.fr\/index.php\/nos-actualites\/#primaryimage"},"thumbnailUrl":"http:\/\/edhcompetition.fr\/wp-content\/uploads\/2025\/04\/affiche-cso-5e-mai-150x150.png","datePublished":"2025-04-16T14:25:29+00:00","dateModified":"2025-04-25T06:17:20+00:00","description":"Restez inform\u00e9 sur les derni\u00e8res actualit\u00e9s de notre association EDH Comp\u00e9tition : \u00e9v\u00e9nements, concours, et toutes les nouveaut\u00e9s du club.","breadcrumb":{"@id":"https:\/\/edhcompetition.fr\/index.php\/nos-actualites\/#breadcrumb"},"inLanguage":"fr-FR","potentialAction":[{"@type":"ReadAction","target":["https:\/\/edhcompetition.fr\/index.php\/nos-actualites\/"]}]},{"@type":"ImageObject","inLanguage":"fr-FR","@id":"https:\/\/edhcompetition.fr\/index.php\/nos-actualites\/#primaryimage","url":"https:\/\/edhcompetition.fr\/wp-content\/uploads\/2025\/04\/affiche-cso-5e-mai.png","contentUrl":"https:\/\/edhcompetition.fr\/wp-content\/uploads\/2025\/04\/affiche-cso-5e-mai.png","width":1414,"height":2000},{"@type":"BreadcrumbList","@id":"https:\/\/edhcompetition.fr\/index.php\/nos-actualites\/#breadcrumb","itemListElement":[{"@type":"ListItem","position":1,"name":"Home","item":"https:\/\/edhcompetition.fr\/"},{"@type":"ListItem","position":2,"name":"Nos actualit\u00e9s"}]},{"@type":"WebSite","@id":"https:\/\/edhcompetition.fr\/#website","url":"https:\/\/edhcompetition.fr\/","name":"edhcompetition","description":"","potentialAction":[{"@type":"SearchAction","target":{"@type":"EntryPoint","urlTemplate":"https:\/\/edhcompetition.fr\/?s={search_term_string}"},"query-input":{"@type":"PropertyValueSpecification","valueRequired":true,"valueName":"search_term_string"}}],"inLanguage":"fr-FR"}]}},"_links":{"self":[{"href":"https:\/\/edhcompetition.fr\/index.php\/wp-json\/wp\/v2\/pages\/438","targetHints":{"allow":["GET"]}}],"collection":[{"href":"https:\/\/edhcompetition.fr\/index.php\/wp-json\/wp\/v2\/pages"}],"about":[{"href":"https:\/\/edhcompetition.fr\/index.php\/wp-json\/wp\/v2\/types\/page"}],"author":[{"embeddable":true,"href":"https:\/\/edhcompetition.fr\/index.php\/wp-json\/wp\/v2\/users\/1"}],"replies":[{"embeddable":true,"href":"https:\/\/edhcompetition.fr\/index.php\/wp-json\/wp\/v2\/comments?post=438"}],"version-history":[{"count":37,"href":"https:\/\/edhcompetition.fr\/index.php\/wp-json\/wp\/v2\/pages\/438\/revisions"}],"predecessor-version":[{"id":878,"href":"https:\/\/edhcompetition.fr\/index.php\/wp-json\/wp\/v2\/pages\/438\/revisions\/878"}],"wp:attachment":[{"href":"https:\/\/edhcompetition.fr\/index.php\/wp-json\/wp\/v2\/media?parent=438"}],"curies":[{"name":"wp","href":"https:\/\/api.w.org\/{rel}","templated":true}]}}